{"id":51,"date":"2025-04-21T21:32:57","date_gmt":"2025-04-21T19:32:57","guid":{"rendered":"http:\/\/3.127.90.63\/?page_id=51"},"modified":"2026-04-14T11:33:07","modified_gmt":"2026-04-14T09:33:07","slug":"my-profile","status":"publish","type":"page","link":"https:\/\/officeshare24.de\/en\/my-profile\/","title":{"rendered":"My Profile"},"content":{"rendered":"\n<ul class=\"tabs-nav\">\n\t<li id=\"listeo-logintab-btn\" class=\"\"><a href=\"#tab1\">Log In<\/a><\/li>\n\t<li id=\"listeo-registration-btn\"><a href=\"#tab2\">Register<\/a><\/li>\n<\/ul>\n\n<div class=\"tabs-container alt\">\n\n\t<!-- Login -->\n\t<div class=\"tab-content\" id=\"tab1\" style=\"display: none;\">\n\t\t\t\t\t\t<form method=\"post\" id=\"login\" class=\"login\" action=\"https:\/\/officeshare24.de\/wp-login.php\">\n\t\t\t\t\n\t\t\t\t\t\t\t\t<p class=\"form-row form-row-wide\">\n\t\t\t\t\t<label for=\"user_login\">\n\t\t\t\t\t\t<i class=\"sl sl-icon-user\"><\/i>\n\t\t\t\t\t\t<input placeholder=\"Username\/Email\" type=\"text\" class=\"input-text\" name=\"log\" id=\"user_login\" value=\"\" \/>\n\t\t\t\t\t<\/label>\n\t\t\t\t<\/p>\n\n\n\t\t\t\t<p class=\"form-row form-row-wide\">\n\t\t\t\t\t<label for=\"user_pass\">\n\t\t\t\t\t\t<i class=\"sl sl-icon-lock\"><\/i>\n\t\t\t\t\t\t<input placeholder=\"Password\" class=\"input-text\" type=\"password\" name=\"pwd\" id=\"user_pass\" \/>\n\n\t\t\t\t\t<\/label>\n\t\t\t\t\t<span class=\"lost_password\">\n\t\t\t\t\t\t<a href=\"https:\/\/officeshare24.de\/wp-login.php?action=lostpassword\">Lost Your Password?<\/a>\n\t\t\t\t\t<\/span>\n\t\t\t\t<\/p>\n\n\t\t\t\t<div class=\"form-row\">\n\t\t\t\t\t<input type=\"hidden\" id=\"login_security\" name=\"login_security\" value=\"52d43f30a8\" \/><input type=\"hidden\" name=\"_wp_http_referer\" value=\"\/en\/wp-json\/wp\/v2\/pages\/51\" \/>\t\t\t\t\t<input type=\"submit\" class=\"button border margin-top-5\" name=\"login\" value=\"Login\" \/>\n\t\t\t\t\t<div class=\"checkboxes margin-top-10\">\n\t\t\t\t\t\t<input name=\"rememberme\" type=\"checkbox\" id=\"remember-me\" value=\"forever\" \/>\n\t\t\t\t\t\t<label for=\"remember-me\">Remember Me<\/label>\n\n\t\t\t\t\t<\/div>\n\t\t\t\t<\/div>\n\t\t\t\t<div class=\"notification error closeable\" style=\"display: none; margin-top: 20px; margin-bottom: 0px;\">\n\t\t\t\t\t<p><\/p>\n\t\t\t\t<\/div>\n\t\t\t\t<\/form>\n\t<\/div>\n\n\t<!-- Register -->\n\t<div class=\"tab-content\" id=\"tab2\" style=\"display: none;\">\n\t\t\t\t\t\t\t<form enctype=\"multipart\/form-data\" class=\"register listeo-registration-form\" id=\"register\" action=\"https:\/\/officeshare24.de\/wp-login.php?action=register\" method=\"post\">\n\t\t\t\t\t\t\t\t\t\t<div class=\"listeo-register-form-fields-container\" data-otp-type=\"email\">\n\t\t\t\t\t\t\t\t\t\t\t\t\t<div class=\"account-type\">\n\t\t\t\t\t\t\t\t<div>\n\t\t\t\t\t\t\t\t\t<input type=\"radio\" name=\"user_role\" id=\"freelancer-radio\" value=\"guest\" class=\"account-type-radio\"  checked  \/>\n\t\t\t\t\t\t\t\t\t<label for=\"freelancer-radio\"><i class=\"sl sl-icon-user\"><\/i> Guest<\/label>\n\t\t\t\t\t\t\t\t<\/div>\n\t\t\t\t\t\t\t\t\t\t\t\t\t\t\t\t\t<div>\n\t\t\t\t\t\t\t\t\t\t<input type=\"radio\" name=\"user_role\" id=\"employer-radio\" value=\"owner\" class=\"account-type-radio\"  \/>\n\t\t\t\t\t\t\t\t\t\t<label for=\"employer-radio\"><i class=\"sl sl-icon-briefcase\"><\/i> Owner<\/label>\n\t\t\t\t\t\t\t\t\t<\/div>\n\t\t\t\t\t\t\t\t\t\t\t\t\t\t\t<\/div>\n\t\t\t\t\t\t\t<div class=\"clearfix\"><\/div>\n\t\t\t\t\t\t\t\t\t\t\t\t\n\t\t\t\t\t\t<p class=\"form-row form-row-wide\">\n\t\t\t\t\t\t\t<label for=\"email\">\n\t\t\t\t\t\t\t\t<i class=\"sl sl-icon-envelope-open\"><\/i>\n\t\t\t\t\t\t\t\t<input required type=\"email\" placeholder=\"Email Address\" class=\"input-text\" name=\"email\" id=\"email\" value=\"\" \/>\n\t\t\t\t\t\t\t<\/label>\n\t\t\t\t\t\t<\/p>\n\n\t\t\t\t\t\t\t\t\t\t\t\t\t<div class=\"password-field-wrapper\">\n\t\t\t\t\t\t\t\t<p class=\"form-row form-row-wide\" id=\"password-row\">\n\t\t\t\t\t\t\t\t\t<label for=\"password1\">\n\t\t\t\t\t\t\t\t\t\t<i class=\"sl sl-icon-lock\"><\/i>\n\t\t\t\t\t\t\t\t\t\t<input required placeholder=\"Password\" class=\"input-text\" type=\"password\" name=\"password\" id=\"password1\" \/>\n\t\t\t\t\t\t\t\t\t\t<span class=\"pwstrength_viewport_progress\"><\/span>\n\t\t\t\t\t\t\t\t\t<\/label>\n\t\t\t\t\t\t\t\t<\/p>\n\t\t\t\t\t\t\t\t\t\t\t\t\t\t\t\t\t<div class=\"password-strength-requirements\">\n\t\t\t\t\t\t\t\t\t\tPassword must be at least <strong class=\"req-length\">8 characters<\/strong> and include:<br>\n\t\t\t\t\t\t\t\t\t\t<strong class=\"req-uppercase\">One uppercase letter<\/strong>, <strong class=\"req-number\">one number<\/strong>, and <strong class=\"req-special\">one special character<\/strong>\n\t\t\t\t\t\t\t\t\t<\/div>\n\t\t\t\t\t\t\t\t\t\t\t\t\t\t\t<\/div>\n\t\t\t\t\t\t\n\t\t\t\t\t\t\t\t\t\t\t\t\t<p class=\"form-row form-row-wide\">\n\t\t\t\t\t\t\t\t<label for=\"first-name\">\n\t\t\t\t\t\t\t\t\t<i class=\"sl sl-icon-pencil\"><\/i>\n\t\t\t\t\t\t\t\t\t<input required  placeholder=\"First Name\" type=\"text\" name=\"first_name\" id=\"first-name\"><\/label>\n\t\t\t\t\t\t\t<\/p>\n\n\t\t\t\t\t\t\t<p class=\"form-row form-row-wide\">\n\t\t\t\t\t\t\t\t<label for=\"last-name\">\n\t\t\t\t\t\t\t\t\t<i class=\"sl sl-icon-pencil\"><\/i>\n\t\t\t\t\t\t\t\t\t<input required  placeholder=\"Last Name\" type=\"text\" name=\"last_name\" id=\"last-name\">\n\t\t\t\t\t\t\t\t<\/label>\n\t\t\t\t\t\t\t<\/p>\n\t\t\t\t\t\t\n\t\t\t\t\t\t\n\n\t\t\t\t\t\t<!-- \/\/extra fields -->\n\t\t\t\t\t\t<div id=\"listeo-core-registration-fields\">\n\t\t\t\t\t\t\t\t\t\t\t\t\t<\/div>\n\n\n\t\t\t\t\t\t<!-- eof custom fields -->\n\n\t\t\t\t\t\t\n\t\t\t\t\t\t\n\t\t\t\t\t\t\t\t\t\t\t\t\n\t\t\t\t\t\t\t\t\t\t\t\t\t<p class=\"form-row margin-top-10 checkboxes margin-bottom-10\">\n\t\t\t\t\t\t\t\t<input type=\"checkbox\" id=\"privacy_policy\" name=\"privacy_policy\">\n\t\t\t\t\t\t\t\t<label for=\"privacy_policy\">I agree to the <a target=\"_blank\" href=\"https:\/\/officeshare24.de\/en\/datenschutzerklaerung\/\">Privacy Policy<\/a> <\/label>\n\n\t\t\t\t\t\t\t<\/p>\n\n\t\t\t\t\t\t\n\t\t\t\t\t\t\t\t\t\t\t<\/div>\n\t\t\t\t\t\t\t\t\t\t\t<div class=\"otp_registration-wrapper\" style=\"display: none\">\n\t\t\t\t\t\t\t\t\t\t\t\t\t\t<div class=\"otp_registration\">\n\t\t\t\t\t\t\t\t<h4>Verification Code<\/h4>\n\n\t\t\t\t\t\t\t\t<p class=\"form-row margin-top-10 otp_code margin-bottom-10\">\n\n\t\t\t\t\t\t\t\t\tPlease enter the 4 digit code sent to your email.\t\t\t\t\t\t\t\t\t\t\t\t\t\t\t\t\t\t<span class=\"otp-countdown-valid-text\">The code is valid for <\/span> <span class=\"otp-countdown\"><\/span>\n\t\t\t\t\t\t\t\t\t<a id=\"resend_otp\" class=\"hidden\" href=\" #\">Time has passed, click here to resend code<\/a>\n\t\t\t\t\t\t\t\t<\/p>\n\n\n\n\t\t\t\t\t\t\t\t<div id=\"listeo_otp-inputs\">\n\t\t\t\t\t\t\t\t\t<input type=\" tel\" name=\"listeo_otp[token][code_1]\" required=\"required\" class=\"field__token\" autocomplete=\"off\" data-error=\"error_second_step_authentication_token\" data-input-type=\"user\">\n\t\t\t\t\t\t\t\t\t<input type=\"tel\" name=\"listeo_otp[token][code_2]\" required=\"required\" class=\"field__token\" autocomplete=\"off\" data-error=\"error_second_step_authentication_token\" data-input-type=\"user\">\n\t\t\t\t\t\t\t\t\t<input type=\"tel\" name=\"listeo_otp[token][code_3]\" required=\"required\" class=\"field__token\" autocomplete=\"off\" data-error=\"error_second_step_authentication_token\" data-input-type=\"user\">\n\t\t\t\t\t\t\t\t\t<input type=\"tel\" name=\"listeo_otp[token][code_4]\" required=\"required\" class=\"field__token\" autocomplete=\"off\" data-error=\"error_second_step_authentication_token\" data-input-type=\"user\">\n\n\t\t\t\t\t\t\t\t<\/div>\n\n\t\t\t\t\t\t\t\t<span id=\"error_listeo_otp\" class=\"hidden\">Wrong authorization code. Try again later.<\/span>\n\t\t\t\t\t\t\t\t<span id=\"error_listeo_otp_time\" class=\"hidden\">The code has expired. Try again later.<\/span>\n\t\t\t\t\t\t\t\t<span id=\"error_listeo_otp_general\" class=\"hidden\">Something went wrong. Try again later.<\/span>\n\n\n\t\t\t\t\t\t\t<\/div>\n\t\t\t\t\t\t\t<input type=\"submit\" class=\"button border fw margin-top-10\" name=\"register\" value=\"Register\" \/>\n\t\t\t\t\t\t\t\t\t\t\t\t\t<\/div>\n\t\t\t\t\t\n\t\t\t\t\t<input type=\"hidden\" id=\"register_security\" name=\"register_security\" value=\"52d43f30a8\" \/><input type=\"hidden\" name=\"_wp_http_referer\" value=\"\/en\/wp-json\/wp\/v2\/pages\/51\" \/>\n\t\t\t\t\t\t\t\t\t\t\t<a class=\"button fw margin-top-10\" id=\"otp_submit\" name=\"otp\">Register<\/a>\n\t\t\t\t\t\t\t\t\t\t<div class=\"notification error closeable\" style=\"display: none;margin-top: 20px; margin-bottom: 0px;\">\n\t\t\t\t\t\t<p><\/p>\n\t\t\t\t\t<\/div>\n\n\t\t\t\t\t<\/form>\n\n\t\t\t\t\t<div class=\"listeo-custom-fields-wrapper\">\n\t\t\t\t\t\t\t\t\t\t\t\t\t\t\t\t\t<\/div>\n\t\t\t\t\t<\/div>\n\n<\/div>\n\n\n\n","protected":false},"excerpt":{"rendered":"","protected":false},"author":1,"featured_media":0,"parent":0,"menu_order":0,"comment_status":"closed","ping_status":"closed","template":"","meta":{"_acf_changed":false,"footnotes":""},"class_list":["post-51","page","type-page","status-publish","hentry"],"acf":[],"yoast_head":"<!-- This site is optimized with the Yoast SEO Premium plugin v25.6 (Yoast SEO v27.3) - https:\/\/yoast.com\/product\/yoast-seo-premium-wordpress\/ -->\n<title>Mein Profil - Officeshare24<\/title>\n<meta name=\"description\" content=\"B\u00fcro auf Zeit? B\u00fcror\u00e4ume f\u00fcr einzelne Tage? Konferenzraum stundenweise? Tagung und Konferenz konferenzr\u00e4ume mieten? Hier sind Sie richtig!\" \/>\n<meta name=\"robots\" content=\"index, follow, max-snippet:-1, max-image-preview:large, max-video-preview:-1\" \/>\n<link rel=\"canonical\" href=\"https:\/\/officeshare24.de\/en\/my-profile\/\" \/>\n<meta property=\"og:locale\" content=\"en_US\" \/>\n<meta property=\"og:type\" content=\"article\" \/>\n<meta property=\"og:title\" content=\"Mein Profil\" \/>\n<meta property=\"og:description\" content=\"B\u00fcro auf Zeit? B\u00fcror\u00e4ume f\u00fcr einzelne Tage? Konferenzraum stundenweise? Tagung und Konferenz konferenzr\u00e4ume mieten? Hier sind Sie richtig!\" \/>\n<meta property=\"og:url\" content=\"https:\/\/officeshare24.de\/en\/my-profile\/\" \/>\n<meta property=\"og:site_name\" content=\"Officeshare24\" \/>\n<meta property=\"article:modified_time\" content=\"2026-04-14T09:33:07+00:00\" \/>\n<meta property=\"og:image\" content=\"https:\/\/officeshare24.de\/wp-content\/uploads\/2025\/09\/UTF-81.png\" \/>\n\t<meta property=\"og:image:width\" content=\"191\" \/>\n\t<meta property=\"og:image:height\" content=\"59\" \/>\n\t<meta property=\"og:image:type\" content=\"image\/png\" \/>\n<meta name=\"twitter:card\" content=\"summary_large_image\" \/>\n<meta name=\"twitter:label1\" content=\"Est. reading time\" \/>\n\t<meta name=\"twitter:data1\" content=\"1 minute\" \/>\n<script type=\"application\/ld+json\" class=\"yoast-schema-graph\">{\"@context\":\"https:\\\/\\\/schema.org\",\"@graph\":[{\"@type\":\"WebPage\",\"@id\":\"https:\\\/\\\/officeshare24.de\\\/my-profile\\\/\",\"url\":\"https:\\\/\\\/officeshare24.de\\\/my-profile\\\/\",\"name\":\"Mein Profil - Officeshare24\",\"isPartOf\":{\"@id\":\"https:\\\/\\\/officeshare24.de\\\/de\\\/#website\"},\"datePublished\":\"2025-04-21T19:32:57+00:00\",\"dateModified\":\"2026-04-14T09:33:07+00:00\",\"description\":\"B\u00fcro auf Zeit? B\u00fcror\u00e4ume f\u00fcr einzelne Tage? Konferenzraum stundenweise? Tagung und Konferenz konferenzr\u00e4ume mieten? Hier sind Sie richtig!\",\"breadcrumb\":{\"@id\":\"https:\\\/\\\/officeshare24.de\\\/my-profile\\\/#breadcrumb\"},\"inLanguage\":\"en-US\",\"potentialAction\":[{\"@type\":\"ReadAction\",\"target\":[\"https:\\\/\\\/officeshare24.de\\\/my-profile\\\/\"]}]},{\"@type\":\"BreadcrumbList\",\"@id\":\"https:\\\/\\\/officeshare24.de\\\/my-profile\\\/#breadcrumb\",\"itemListElement\":[{\"@type\":\"ListItem\",\"position\":1,\"name\":\"Startseite\",\"item\":\"https:\\\/\\\/officeshare24.de\\\/\"},{\"@type\":\"ListItem\",\"position\":2,\"name\":\"Mein Profil\"}]},{\"@type\":\"WebSite\",\"@id\":\"https:\\\/\\\/officeshare24.de\\\/de\\\/#website\",\"url\":\"https:\\\/\\\/officeshare24.de\\\/de\\\/\",\"name\":\"Officeshare24\",\"description\":\"Teilen. Verbinden. Zusammen wachsen.\",\"publisher\":{\"@id\":\"https:\\\/\\\/officeshare24.de\\\/de\\\/#organization\"},\"potentialAction\":[{\"@type\":\"SearchAction\",\"target\":{\"@type\":\"EntryPoint\",\"urlTemplate\":\"https:\\\/\\\/officeshare24.de\\\/de\\\/?s={search_term_string}\"},\"query-input\":{\"@type\":\"PropertyValueSpecification\",\"valueRequired\":true,\"valueName\":\"search_term_string\"}}],\"inLanguage\":\"en-US\"},{\"@type\":\"Organization\",\"@id\":\"https:\\\/\\\/officeshare24.de\\\/de\\\/#organization\",\"name\":\"Officeshare24\",\"url\":\"https:\\\/\\\/officeshare24.de\\\/de\\\/\",\"logo\":{\"@type\":\"ImageObject\",\"inLanguage\":\"en-US\",\"@id\":\"https:\\\/\\\/officeshare24.de\\\/de\\\/#\\\/schema\\\/logo\\\/image\\\/\",\"url\":\"http:\\\/\\\/officeshare24.de\\\/wp-content\\\/uploads\\\/2025\\\/05\\\/cropped-72221D5C-D3EC-4548-9FA0-7BA257028D7B-1.png\",\"contentUrl\":\"http:\\\/\\\/officeshare24.de\\\/wp-content\\\/uploads\\\/2025\\\/05\\\/cropped-72221D5C-D3EC-4548-9FA0-7BA257028D7B-1.png\",\"width\":512,\"height\":512,\"caption\":\"Officeshare24\"},\"image\":{\"@id\":\"https:\\\/\\\/officeshare24.de\\\/de\\\/#\\\/schema\\\/logo\\\/image\\\/\"},\"description\":\"Die Wahl zwischen einem traditionellen B\u00fcro und einem Gemeinschafts-Arbeitsplatz (Coworking Space) h\u00e4ngt von individuellen Bed\u00fcrfnissen ab. Wir versuchen all Diese zu Decken!\",\"email\":\"info@officeshare24.de\",\"telephone\":\"0176 322 61 399\",\"foundingDate\":\"2025-10-01\",\"vatID\":\"DE365582200\",\"numberOfEmployees\":{\"@type\":\"QuantitativeValue\",\"minValue\":\"1\",\"maxValue\":\"10\"}}]}<\/script>\n<!-- \/ Yoast SEO Premium plugin. -->","yoast_head_json":{"title":"Mein Profil - Officeshare24","description":"B\u00fcro auf Zeit? B\u00fcror\u00e4ume f\u00fcr einzelne Tage? Konferenzraum stundenweise? Tagung und Konferenz konferenzr\u00e4ume mieten? Hier sind Sie richtig!","robots":{"index":"index","follow":"follow","max-snippet":"max-snippet:-1","max-image-preview":"max-image-preview:large","max-video-preview":"max-video-preview:-1"},"canonical":"https:\/\/officeshare24.de\/en\/my-profile\/","og_locale":"en_US","og_type":"article","og_title":"Mein Profil","og_description":"B\u00fcro auf Zeit? B\u00fcror\u00e4ume f\u00fcr einzelne Tage? Konferenzraum stundenweise? Tagung und Konferenz konferenzr\u00e4ume mieten? Hier sind Sie richtig!","og_url":"https:\/\/officeshare24.de\/en\/my-profile\/","og_site_name":"Officeshare24","article_modified_time":"2026-04-14T09:33:07+00:00","og_image":[{"width":191,"height":59,"url":"https:\/\/officeshare24.de\/wp-content\/uploads\/2025\/09\/UTF-81.png","type":"image\/png"}],"twitter_card":"summary_large_image","twitter_misc":{"Est. reading time":"1 minute"},"schema":{"@context":"https:\/\/schema.org","@graph":[{"@type":"WebPage","@id":"https:\/\/officeshare24.de\/my-profile\/","url":"https:\/\/officeshare24.de\/my-profile\/","name":"Mein Profil - Officeshare24","isPartOf":{"@id":"https:\/\/officeshare24.de\/de\/#website"},"datePublished":"2025-04-21T19:32:57+00:00","dateModified":"2026-04-14T09:33:07+00:00","description":"B\u00fcro auf Zeit? B\u00fcror\u00e4ume f\u00fcr einzelne Tage? Konferenzraum stundenweise? Tagung und Konferenz konferenzr\u00e4ume mieten? Hier sind Sie richtig!","breadcrumb":{"@id":"https:\/\/officeshare24.de\/my-profile\/#breadcrumb"},"inLanguage":"en-US","potentialAction":[{"@type":"ReadAction","target":["https:\/\/officeshare24.de\/my-profile\/"]}]},{"@type":"BreadcrumbList","@id":"https:\/\/officeshare24.de\/my-profile\/#breadcrumb","itemListElement":[{"@type":"ListItem","position":1,"name":"Startseite","item":"https:\/\/officeshare24.de\/"},{"@type":"ListItem","position":2,"name":"Mein Profil"}]},{"@type":"WebSite","@id":"https:\/\/officeshare24.de\/de\/#website","url":"https:\/\/officeshare24.de\/de\/","name":"Officeshare24","description":"Share, Connect, Grow Togather","publisher":{"@id":"https:\/\/officeshare24.de\/de\/#organization"},"potentialAction":[{"@type":"SearchAction","target":{"@type":"EntryPoint","urlTemplate":"https:\/\/officeshare24.de\/de\/?s={search_term_string}"},"query-input":{"@type":"PropertyValueSpecification","valueRequired":true,"valueName":"search_term_string"}}],"inLanguage":"en-US"},{"@type":"Organization","@id":"https:\/\/officeshare24.de\/de\/#organization","name":"Officeshare24","url":"https:\/\/officeshare24.de\/de\/","logo":{"@type":"ImageObject","inLanguage":"en-US","@id":"https:\/\/officeshare24.de\/de\/#\/schema\/logo\/image\/","url":"http:\/\/officeshare24.de\/wp-content\/uploads\/2025\/05\/cropped-72221D5C-D3EC-4548-9FA0-7BA257028D7B-1.png","contentUrl":"http:\/\/officeshare24.de\/wp-content\/uploads\/2025\/05\/cropped-72221D5C-D3EC-4548-9FA0-7BA257028D7B-1.png","width":512,"height":512,"caption":"Officeshare24"},"image":{"@id":"https:\/\/officeshare24.de\/de\/#\/schema\/logo\/image\/"},"description":"The choice between a traditional office and a shared workspace (coworking space) depends on individual needs. We're trying to cover all of these!","email":"info@officeshare24.de","telephone":"0176 322 61 399","foundingDate":"2025-10-01","vatID":"DE365582200","numberOfEmployees":{"@type":"QuantitativeValue","minValue":"1","maxValue":"10"}}]}},"_links":{"self":[{"href":"https:\/\/officeshare24.de\/en\/wp-json\/wp\/v2\/pages\/51","targetHints":{"allow":["GET"]}}],"collection":[{"href":"https:\/\/officeshare24.de\/en\/wp-json\/wp\/v2\/pages"}],"about":[{"href":"https:\/\/officeshare24.de\/en\/wp-json\/wp\/v2\/types\/page"}],"author":[{"embeddable":true,"href":"https:\/\/officeshare24.de\/en\/wp-json\/wp\/v2\/users\/1"}],"replies":[{"embeddable":true,"href":"https:\/\/officeshare24.de\/en\/wp-json\/wp\/v2\/comments?post=51"}],"version-history":[{"count":2,"href":"https:\/\/officeshare24.de\/en\/wp-json\/wp\/v2\/pages\/51\/revisions"}],"predecessor-version":[{"id":38078,"href":"https:\/\/officeshare24.de\/en\/wp-json\/wp\/v2\/pages\/51\/revisions\/38078"}],"wp:attachment":[{"href":"https:\/\/officeshare24.de\/en\/wp-json\/wp\/v2\/media?parent=51"}],"curies":[{"name":"wp","href":"https:\/\/api.w.org\/{rel}","templated":true}]}}