{"id":37,"date":"2025-04-21T21:32:02","date_gmt":"2025-04-21T19:32:02","guid":{"rendered":"http:\/\/3.127.90.63\/?page_id=37"},"modified":"2026-04-14T11:27:27","modified_gmt":"2026-04-14T09:27:27","slug":"my-listings","status":"publish","type":"page","link":"https:\/\/officeshare24.de\/en\/my-listings\/","title":{"rendered":"Meine B\u00fcros"},"content":{"rendered":"You need to be signed in to manage your listings.","protected":false},"excerpt":{"rendered":"","protected":false},"author":1,"featured_media":0,"parent":0,"menu_order":0,"comment_status":"closed","ping_status":"closed","template":"","meta":{"_acf_changed":false,"footnotes":""},"class_list":["post-37","page","type-page","status-publish","hentry"],"acf":[],"yoast_head":"<!-- This site is optimized with the Yoast SEO Premium plugin v25.6 (Yoast SEO v27.3) - https:\/\/yoast.com\/product\/yoast-seo-premium-wordpress\/ -->\n<title>Meine B\u00fcros - Officeshare24<\/title>\n<meta name=\"description\" content=\"B\u00fcro auf Zeit? B\u00fcror\u00e4ume f\u00fcr einzelne Tage? Konferenzraum stundenweise? Tagung und Konferenz konferenzr\u00e4ume mieten? Hier sind Sie richtig!\" \/>\n<meta name=\"robots\" content=\"index, follow, max-snippet:-1, max-image-preview:large, max-video-preview:-1\" \/>\n<link rel=\"canonical\" href=\"https:\/\/officeshare24.de\/en\/my-listings\/\" \/>\n<meta property=\"og:locale\" content=\"en_US\" \/>\n<meta property=\"og:type\" content=\"article\" \/>\n<meta property=\"og:title\" content=\"Meine B\u00fcros\" \/>\n<meta property=\"og:description\" content=\"B\u00fcro auf Zeit? B\u00fcror\u00e4ume f\u00fcr einzelne Tage? Konferenzraum stundenweise? Tagung und Konferenz konferenzr\u00e4ume mieten? Hier sind Sie richtig!\" \/>\n<meta property=\"og:url\" content=\"https:\/\/officeshare24.de\/en\/my-listings\/\" \/>\n<meta property=\"og:site_name\" content=\"Officeshare24\" \/>\n<meta property=\"article:modified_time\" content=\"2026-04-14T09:27:27+00:00\" \/>\n<meta property=\"og:image\" content=\"https:\/\/officeshare24.de\/wp-content\/uploads\/2025\/09\/UTF-81.png\" \/>\n\t<meta property=\"og:image:width\" content=\"191\" \/>\n\t<meta property=\"og:image:height\" content=\"59\" \/>\n\t<meta property=\"og:image:type\" content=\"image\/png\" \/>\n<meta name=\"twitter:card\" content=\"summary_large_image\" \/>\n<meta name=\"twitter:label1\" content=\"Est. reading time\" \/>\n\t<meta name=\"twitter:data1\" content=\"1 minute\" \/>\n<script type=\"application\/ld+json\" class=\"yoast-schema-graph\">{\"@context\":\"https:\\\/\\\/schema.org\",\"@graph\":[{\"@type\":\"WebPage\",\"@id\":\"https:\\\/\\\/officeshare24.de\\\/my-listings\\\/\",\"url\":\"https:\\\/\\\/officeshare24.de\\\/my-listings\\\/\",\"name\":\"Meine B\u00fcros - Officeshare24\",\"isPartOf\":{\"@id\":\"https:\\\/\\\/officeshare24.de\\\/de\\\/#website\"},\"datePublished\":\"2025-04-21T19:32:02+00:00\",\"dateModified\":\"2026-04-14T09:27:27+00:00\",\"description\":\"B\u00fcro auf Zeit? B\u00fcror\u00e4ume f\u00fcr einzelne Tage? Konferenzraum stundenweise? Tagung und Konferenz konferenzr\u00e4ume mieten? Hier sind Sie richtig!\",\"breadcrumb\":{\"@id\":\"https:\\\/\\\/officeshare24.de\\\/my-listings\\\/#breadcrumb\"},\"inLanguage\":\"en-US\",\"potentialAction\":[{\"@type\":\"ReadAction\",\"target\":[\"https:\\\/\\\/officeshare24.de\\\/my-listings\\\/\"]}]},{\"@type\":\"BreadcrumbList\",\"@id\":\"https:\\\/\\\/officeshare24.de\\\/my-listings\\\/#breadcrumb\",\"itemListElement\":[{\"@type\":\"ListItem\",\"position\":1,\"name\":\"Startseite\",\"item\":\"https:\\\/\\\/officeshare24.de\\\/\"},{\"@type\":\"ListItem\",\"position\":2,\"name\":\"Meine B\u00fcros\"}]},{\"@type\":\"WebSite\",\"@id\":\"https:\\\/\\\/officeshare24.de\\\/de\\\/#website\",\"url\":\"https:\\\/\\\/officeshare24.de\\\/de\\\/\",\"name\":\"Officeshare24\",\"description\":\"Teilen. Verbinden. Zusammen wachsen.\",\"publisher\":{\"@id\":\"https:\\\/\\\/officeshare24.de\\\/de\\\/#organization\"},\"potentialAction\":[{\"@type\":\"SearchAction\",\"target\":{\"@type\":\"EntryPoint\",\"urlTemplate\":\"https:\\\/\\\/officeshare24.de\\\/de\\\/?s={search_term_string}\"},\"query-input\":{\"@type\":\"PropertyValueSpecification\",\"valueRequired\":true,\"valueName\":\"search_term_string\"}}],\"inLanguage\":\"en-US\"},{\"@type\":\"Organization\",\"@id\":\"https:\\\/\\\/officeshare24.de\\\/de\\\/#organization\",\"name\":\"Officeshare24\",\"url\":\"https:\\\/\\\/officeshare24.de\\\/de\\\/\",\"logo\":{\"@type\":\"ImageObject\",\"inLanguage\":\"en-US\",\"@id\":\"https:\\\/\\\/officeshare24.de\\\/de\\\/#\\\/schema\\\/logo\\\/image\\\/\",\"url\":\"http:\\\/\\\/officeshare24.de\\\/wp-content\\\/uploads\\\/2025\\\/05\\\/cropped-72221D5C-D3EC-4548-9FA0-7BA257028D7B-1.png\",\"contentUrl\":\"http:\\\/\\\/officeshare24.de\\\/wp-content\\\/uploads\\\/2025\\\/05\\\/cropped-72221D5C-D3EC-4548-9FA0-7BA257028D7B-1.png\",\"width\":512,\"height\":512,\"caption\":\"Officeshare24\"},\"image\":{\"@id\":\"https:\\\/\\\/officeshare24.de\\\/de\\\/#\\\/schema\\\/logo\\\/image\\\/\"},\"description\":\"Die Wahl zwischen einem traditionellen B\u00fcro und einem Gemeinschafts-Arbeitsplatz (Coworking Space) h\u00e4ngt von individuellen Bed\u00fcrfnissen ab. Wir versuchen all Diese zu Decken!\",\"email\":\"info@officeshare24.de\",\"telephone\":\"0176 322 61 399\",\"foundingDate\":\"2025-10-01\",\"vatID\":\"DE365582200\",\"numberOfEmployees\":{\"@type\":\"QuantitativeValue\",\"minValue\":\"1\",\"maxValue\":\"10\"}}]}<\/script>\n<!-- \/ Yoast SEO Premium plugin. -->","yoast_head_json":{"title":"Meine B\u00fcros - Officeshare24","description":"B\u00fcro auf Zeit? B\u00fcror\u00e4ume f\u00fcr einzelne Tage? Konferenzraum stundenweise? Tagung und Konferenz konferenzr\u00e4ume mieten? Hier sind Sie richtig!","robots":{"index":"index","follow":"follow","max-snippet":"max-snippet:-1","max-image-preview":"max-image-preview:large","max-video-preview":"max-video-preview:-1"},"canonical":"https:\/\/officeshare24.de\/en\/my-listings\/","og_locale":"en_US","og_type":"article","og_title":"Meine B\u00fcros","og_description":"B\u00fcro auf Zeit? B\u00fcror\u00e4ume f\u00fcr einzelne Tage? Konferenzraum stundenweise? Tagung und Konferenz konferenzr\u00e4ume mieten? Hier sind Sie richtig!","og_url":"https:\/\/officeshare24.de\/en\/my-listings\/","og_site_name":"Officeshare24","article_modified_time":"2026-04-14T09:27:27+00:00","og_image":[{"width":191,"height":59,"url":"https:\/\/officeshare24.de\/wp-content\/uploads\/2025\/09\/UTF-81.png","type":"image\/png"}],"twitter_card":"summary_large_image","twitter_misc":{"Est. reading time":"1 minute"},"schema":{"@context":"https:\/\/schema.org","@graph":[{"@type":"WebPage","@id":"https:\/\/officeshare24.de\/my-listings\/","url":"https:\/\/officeshare24.de\/my-listings\/","name":"Meine B\u00fcros - Officeshare24","isPartOf":{"@id":"https:\/\/officeshare24.de\/de\/#website"},"datePublished":"2025-04-21T19:32:02+00:00","dateModified":"2026-04-14T09:27:27+00:00","description":"B\u00fcro auf Zeit? B\u00fcror\u00e4ume f\u00fcr einzelne Tage? Konferenzraum stundenweise? Tagung und Konferenz konferenzr\u00e4ume mieten? Hier sind Sie richtig!","breadcrumb":{"@id":"https:\/\/officeshare24.de\/my-listings\/#breadcrumb"},"inLanguage":"en-US","potentialAction":[{"@type":"ReadAction","target":["https:\/\/officeshare24.de\/my-listings\/"]}]},{"@type":"BreadcrumbList","@id":"https:\/\/officeshare24.de\/my-listings\/#breadcrumb","itemListElement":[{"@type":"ListItem","position":1,"name":"Startseite","item":"https:\/\/officeshare24.de\/"},{"@type":"ListItem","position":2,"name":"Meine B\u00fcros"}]},{"@type":"WebSite","@id":"https:\/\/officeshare24.de\/de\/#website","url":"https:\/\/officeshare24.de\/de\/","name":"Officeshare24","description":"Share, Connect, Grow Togather","publisher":{"@id":"https:\/\/officeshare24.de\/de\/#organization"},"potentialAction":[{"@type":"SearchAction","target":{"@type":"EntryPoint","urlTemplate":"https:\/\/officeshare24.de\/de\/?s={search_term_string}"},"query-input":{"@type":"PropertyValueSpecification","valueRequired":true,"valueName":"search_term_string"}}],"inLanguage":"en-US"},{"@type":"Organization","@id":"https:\/\/officeshare24.de\/de\/#organization","name":"Officeshare24","url":"https:\/\/officeshare24.de\/de\/","logo":{"@type":"ImageObject","inLanguage":"en-US","@id":"https:\/\/officeshare24.de\/de\/#\/schema\/logo\/image\/","url":"http:\/\/officeshare24.de\/wp-content\/uploads\/2025\/05\/cropped-72221D5C-D3EC-4548-9FA0-7BA257028D7B-1.png","contentUrl":"http:\/\/officeshare24.de\/wp-content\/uploads\/2025\/05\/cropped-72221D5C-D3EC-4548-9FA0-7BA257028D7B-1.png","width":512,"height":512,"caption":"Officeshare24"},"image":{"@id":"https:\/\/officeshare24.de\/de\/#\/schema\/logo\/image\/"},"description":"The choice between a traditional office and a shared workspace (coworking space) depends on individual needs. We're trying to cover all of these!","email":"info@officeshare24.de","telephone":"0176 322 61 399","foundingDate":"2025-10-01","vatID":"DE365582200","numberOfEmployees":{"@type":"QuantitativeValue","minValue":"1","maxValue":"10"}}]}},"_links":{"self":[{"href":"https:\/\/officeshare24.de\/en\/wp-json\/wp\/v2\/pages\/37","targetHints":{"allow":["GET"]}}],"collection":[{"href":"https:\/\/officeshare24.de\/en\/wp-json\/wp\/v2\/pages"}],"about":[{"href":"https:\/\/officeshare24.de\/en\/wp-json\/wp\/v2\/types\/page"}],"author":[{"embeddable":true,"href":"https:\/\/officeshare24.de\/en\/wp-json\/wp\/v2\/users\/1"}],"replies":[{"embeddable":true,"href":"https:\/\/officeshare24.de\/en\/wp-json\/wp\/v2\/comments?post=37"}],"version-history":[{"count":2,"href":"https:\/\/officeshare24.de\/en\/wp-json\/wp\/v2\/pages\/37\/revisions"}],"predecessor-version":[{"id":38072,"href":"https:\/\/officeshare24.de\/en\/wp-json\/wp\/v2\/pages\/37\/revisions\/38072"}],"wp:attachment":[{"href":"https:\/\/officeshare24.de\/en\/wp-json\/wp\/v2\/media?parent=37"}],"curies":[{"name":"wp","href":"https:\/\/api.w.org\/{rel}","templated":true}]}}