{"id":219,"date":"2021-09-17T10:33:12","date_gmt":"2021-09-17T10:33:12","guid":{"rendered":"https:\/\/wordpress-722045-2402992.cloudwaysapps.com\/?page_id=305"},"modified":"2025-09-12T15:25:19","modified_gmt":"2025-09-12T13:25:19","slug":"contact","status":"publish","type":"page","link":"https:\/\/officeshare24.de\/de\/contact\/","title":{"rendered":"Contact"},"content":{"rendered":"\t\t<div data-elementor-type=\"wp-page\" data-elementor-id=\"219\" class=\"elementor elementor-219\" data-elementor-post-type=\"page\">\n\t\t\t\t\t\t<section class=\"elementor-section elementor-top-section elementor-element elementor-element-128cf50 elementor-section-full_width elementor-section-stretched elementor-section-height-default elementor-section-height-default\" data-id=\"128cf50\" data-element_type=\"section\" data-e-type=\"section\" data-settings=\"{&quot;stretch_section&quot;:&quot;section-stretched&quot;}\">\n\t\t\t\t\t\t<div class=\"elementor-container elementor-column-gap-no\">\n\t\t\t\t\t<div class=\"elementor-column elementor-col-100 elementor-top-column elementor-element elementor-element-72c26db8\" data-id=\"72c26db8\" data-element_type=\"column\" data-e-type=\"column\">\n\t\t\t<div class=\"elementor-widget-wrap elementor-element-populated\">\n\t\t\t\t\t\t<div class=\"elementor-element elementor-element-5cb402c5 elementor-widget elementor-widget-listeo-address-box\" data-id=\"5cb402c5\" data-element_type=\"widget\" data-e-type=\"widget\" data-widget_type=\"listeo-address-box.default\">\n\t\t\t\t<div class=\"elementor-widget-container\">\n\t\t\t\t\t\t\t\n\t\t<div class=\"contact-map margin-bottom-55\">\n\n\t\t\t<!-- Google Maps -->\n\t\t\t<div id=\"singleListingMap-container\">\n\t\t\t\t<div id=\"singleListingMap\" data-latitude=\"52.370131\" data-longitude=\"10.132974\" data-map-icon=\"im im-icon-Map2\"><\/div>\n\t\t\t\t<a href=\"#\" id=\"streetView\">Street View<\/a>\n\t\t\t<\/div>\n\n\t\t\t<!-- Office -->\n\t\t\t<div class=\"address-box-container\">\n\t\t\t\t<div class=\"address-container\" data-background-image=\"https:\/\/wordpress-722045-2402992.cloudwaysapps.com\/wp-content\/uploads\/2021\/09\/our-office.jpg\">\n\t\t\t\t\t<div class=\"office-address\">\n\t\t\t\t\t\t<h3>Unser Standort<\/h3><ul><li><p>Prium X UG<\/p><\/li><li><p>31275 Lehrte<\/p><\/li><li><p>John-F.-Kennedy-Stra\u00dfe 21a<\/p><\/li><li><p>Tel:. 0176 322 61 399<\/p><\/li><\/ul>\t\t\t\t\t<\/div>\n\t\t\t\t<\/div>\n\t\t\t<\/div>\n\n\t\t<\/div>\n\t\t<div class=\"clearfix\"><\/div>\t\t\t\t<\/div>\n\t\t\t\t<\/div>\n\t\t\t\t\t<\/div>\n\t\t<\/div>\n\t\t\t\t\t<\/div>\n\t\t<\/section>\n\t\t\t\t<section class=\"elementor-section elementor-top-section elementor-element elementor-element-27e2e526 elementor-section-full_width elementor-section-stretched elementor-section-height-default elementor-section-height-default\" data-id=\"27e2e526\" data-element_type=\"section\" data-e-type=\"section\" data-settings=\"{&quot;stretch_section&quot;:&quot;section-stretched&quot;}\">\n\t\t\t\t\t\t<div class=\"elementor-container elementor-column-gap-default\">\n\t\t\t\t\t<div class=\"elementor-column elementor-col-25 elementor-top-column elementor-element elementor-element-6ccd4c3b\" data-id=\"6ccd4c3b\" data-element_type=\"column\" data-e-type=\"column\">\n\t\t\t<div class=\"elementor-widget-wrap\">\n\t\t\t\t\t\t\t<\/div>\n\t\t<\/div>\n\t\t\t\t<div class=\"elementor-column elementor-col-50 elementor-top-column elementor-element elementor-element-dc8fe9\" data-id=\"dc8fe9\" data-element_type=\"column\" data-e-type=\"column\">\n\t\t\t<div class=\"elementor-widget-wrap elementor-element-populated\">\n\t\t\t\t\t\t<div class=\"elementor-element elementor-element-4bdfe173 elementor-widget elementor-widget-listeo-headline\" data-id=\"4bdfe173\" data-element_type=\"widget\" data-e-type=\"widget\" data-widget_type=\"listeo-headline.default\">\n\t\t\t\t<div class=\"elementor-widget-container\">\n\t\t\t\t\t\t\t<h4 \n\t\tstyle=\"text-align:left;\" class=\"headline  headline-aligned-to-left  headline-box \"> Kontaktformular <\/h4>\n\t\t\t\t\t\t<\/div>\n\t\t\t\t<\/div>\n\t\t\t\t<div class=\"elementor-element elementor-element-620356f5 elementor-widget elementor-widget-text-editor\" data-id=\"620356f5\" data-element_type=\"widget\" data-e-type=\"widget\" data-widget_type=\"text-editor.default\">\n\t\t\t\t<div class=\"elementor-widget-container\">\n\t\t\t\t\t\t\t\t\t<p>\n<div class=\"wpcf7 no-js\" id=\"wpcf7-f196-o1\" lang=\"en-US\" dir=\"ltr\" data-wpcf7-id=\"196\">\n<div class=\"screen-reader-response\"><p role=\"status\" aria-live=\"polite\" aria-atomic=\"true\"><\/p> <ul><\/ul><\/div>\n<form action=\"\/de\/wp-json\/wp\/v2\/pages\/219#wpcf7-f196-o1\" method=\"post\" class=\"wpcf7-form init\" aria-label=\"Contact form\" novalidate=\"novalidate\" data-status=\"init\">\n<fieldset class=\"hidden-fields-container\"><input type=\"hidden\" name=\"_wpcf7\" value=\"196\" \/><input type=\"hidden\" name=\"_wpcf7_version\" value=\"6.1.5\" \/><input type=\"hidden\" name=\"_wpcf7_locale\" value=\"en_US\" \/><input type=\"hidden\" name=\"_wpcf7_unit_tag\" value=\"wpcf7-f196-o1\" \/><input type=\"hidden\" name=\"_wpcf7_container_post\" value=\"0\" \/><input type=\"hidden\" name=\"_wpcf7_posted_data_hash\" value=\"\" \/><input type=\"hidden\" name=\"_wpcf7dtx_version\" value=\"5.0.5\" \/>\n<\/fieldset>\n<div class=\"row\">\n\t<div class=\"col-md-6\">\n\t\t<div>\n\t\t\t<p><span class=\"wpcf7-form-control-wrap\" data-name=\"your-name\"><input size=\"40\" maxlength=\"400\" class=\"wpcf7-form-control wpcf7-text wpcf7-validates-as-required\" aria-required=\"true\" aria-invalid=\"false\" placeholder=\"Your Name\" value=\"\" type=\"text\" name=\"your-name\" \/><\/span>\n\t\t\t<\/p>\n\t\t<\/div>\n\t<\/div>\n\t<div class=\"col-md-6\">\n\t\t<div>\n\t\t\t<p><span class=\"wpcf7-form-control-wrap\" data-name=\"email\"><input size=\"40\" maxlength=\"400\" class=\"wpcf7-form-control wpcf7-email wpcf7-validates-as-required wpcf7-text wpcf7-validates-as-email\" aria-required=\"true\" aria-invalid=\"false\" placeholder=\"Email Address\" value=\"\" type=\"email\" name=\"email\" \/><\/span>\n\t\t\t<\/p>\n\t\t<\/div>\n\t<\/div>\n\t<div class=\"col-md-12\">\n\t\t<div>\n\t\t\t<p><span class=\"wpcf7-form-control-wrap\" data-name=\"subject\"><input size=\"40\" maxlength=\"400\" class=\"wpcf7-form-control wpcf7-text wpcf7-validates-as-required\" aria-required=\"true\" aria-invalid=\"false\" placeholder=\"Subject\" value=\"\" type=\"text\" name=\"subject\" \/><\/span>\n\t\t\t<\/p>\n\t\t<\/div>\n\t<\/div>\n<\/div>\n<div>\n\t<p><span class=\"wpcf7-form-control-wrap\" data-name=\"textarea-69\"><textarea cols=\"40\" rows=\"10\" maxlength=\"2000\" class=\"wpcf7-form-control wpcf7-textarea wpcf7-validates-as-required\" aria-required=\"true\" aria-invalid=\"false\" placeholder=\"Message\" name=\"textarea-69\"><\/textarea><\/span>\n\t<\/p>\n<\/div>\n<p><input class=\"wpcf7-form-control wpcf7-submit has-spinner\" type=\"submit\" value=\"Send\" \/>\n<\/p><p style=\"display: none !important;\" class=\"akismet-fields-container\" data-prefix=\"_wpcf7_ak_\"><label>&#916;<textarea name=\"_wpcf7_ak_hp_textarea\" cols=\"45\" rows=\"8\" maxlength=\"100\"><\/textarea><\/label><input type=\"hidden\" id=\"ak_js_1\" name=\"_wpcf7_ak_js\" value=\"170\"\/><script>document.getElementById( \"ak_js_1\" ).setAttribute( \"value\", ( new Date() ).getTime() );<\/script><\/p><div class=\"wpcf7-response-output\" aria-hidden=\"true\"><\/div>\n<\/form>\n<\/div>\n<\/p>\t\t\t\t\t\t\t\t<\/div>\n\t\t\t\t<\/div>\n\t\t\t\t\t<\/div>\n\t\t<\/div>\n\t\t\t\t<div class=\"elementor-column elementor-col-25 elementor-top-column elementor-element elementor-element-161b5b6f\" data-id=\"161b5b6f\" data-element_type=\"column\" data-e-type=\"column\">\n\t\t\t<div class=\"elementor-widget-wrap\">\n\t\t\t\t\t\t\t<\/div>\n\t\t<\/div>\n\t\t\t\t\t<\/div>\n\t\t<\/section>\n\t\t\t\t<\/div>\n\t\t","protected":false},"excerpt":{"rendered":"<p>Street View Unser Standort Prium X UG 31275 Lehrte John-F.-Kennedy-Stra\u00dfe 21a Tel:. 0176 322 61 399 Kontaktformular<\/p>\n","protected":false},"author":1,"featured_media":0,"parent":0,"menu_order":0,"comment_status":"closed","ping_status":"closed","template":"","meta":{"_acf_changed":false,"footnotes":""},"class_list":["post-219","page","type-page","status-publish","hentry"],"acf":[],"yoast_head":"<!-- This site is optimized with the Yoast SEO Premium plugin v25.6 (Yoast SEO v27.3) - https:\/\/yoast.com\/product\/yoast-seo-premium-wordpress\/ -->\n<title>Contact - Officeshare24<\/title>\n<meta name=\"description\" content=\"B\u00fcro auf Zeit? B\u00fcror\u00e4ume f\u00fcr einzelne Tage? Konferenzraum stundenweise? Tagung und Konferenz konferenzr\u00e4ume mieten? Hier sind Sie richtig!\" \/>\n<meta name=\"robots\" content=\"index, follow, max-snippet:-1, max-image-preview:large, max-video-preview:-1\" \/>\n<link rel=\"canonical\" href=\"https:\/\/officeshare24.de\/de\/contact\/\" \/>\n<meta property=\"og:locale\" content=\"de_DE\" \/>\n<meta property=\"og:type\" content=\"article\" \/>\n<meta property=\"og:title\" content=\"Contact\" \/>\n<meta property=\"og:description\" content=\"B\u00fcro auf Zeit? B\u00fcror\u00e4ume f\u00fcr einzelne Tage? Konferenzraum stundenweise? Tagung und Konferenz konferenzr\u00e4ume mieten? Hier sind Sie richtig!\" \/>\n<meta property=\"og:url\" content=\"https:\/\/officeshare24.de\/de\/contact\/\" \/>\n<meta property=\"og:site_name\" content=\"Officeshare24\" \/>\n<meta property=\"article:modified_time\" content=\"2025-09-12T13:25:19+00:00\" \/>\n<meta property=\"og:image\" content=\"https:\/\/officeshare24.de\/wp-content\/uploads\/2025\/09\/UTF-81.png\" \/>\n\t<meta property=\"og:image:width\" content=\"191\" \/>\n\t<meta property=\"og:image:height\" content=\"59\" \/>\n\t<meta property=\"og:image:type\" content=\"image\/png\" \/>\n<meta name=\"twitter:card\" content=\"summary_large_image\" \/>\n<script type=\"application\/ld+json\" class=\"yoast-schema-graph\">{\"@context\":\"https:\\\/\\\/schema.org\",\"@graph\":[{\"@type\":\"WebPage\",\"@id\":\"https:\\\/\\\/officeshare24.de\\\/contact\\\/\",\"url\":\"https:\\\/\\\/officeshare24.de\\\/contact\\\/\",\"name\":\"Contact - Officeshare24\",\"isPartOf\":{\"@id\":\"https:\\\/\\\/officeshare24.de\\\/de\\\/#website\"},\"datePublished\":\"2021-09-17T10:33:12+00:00\",\"dateModified\":\"2025-09-12T13:25:19+00:00\",\"description\":\"B\u00fcro auf Zeit? B\u00fcror\u00e4ume f\u00fcr einzelne Tage? Konferenzraum stundenweise? Tagung und Konferenz konferenzr\u00e4ume mieten? Hier sind Sie richtig!\",\"breadcrumb\":{\"@id\":\"https:\\\/\\\/officeshare24.de\\\/contact\\\/#breadcrumb\"},\"inLanguage\":\"de\",\"potentialAction\":[{\"@type\":\"ReadAction\",\"target\":[\"https:\\\/\\\/officeshare24.de\\\/contact\\\/\"]}]},{\"@type\":\"BreadcrumbList\",\"@id\":\"https:\\\/\\\/officeshare24.de\\\/contact\\\/#breadcrumb\",\"itemListElement\":[{\"@type\":\"ListItem\",\"position\":1,\"name\":\"Startseite\",\"item\":\"https:\\\/\\\/officeshare24.de\\\/\"},{\"@type\":\"ListItem\",\"position\":2,\"name\":\"Contact\"}]},{\"@type\":\"WebSite\",\"@id\":\"https:\\\/\\\/officeshare24.de\\\/de\\\/#website\",\"url\":\"https:\\\/\\\/officeshare24.de\\\/de\\\/\",\"name\":\"Officeshare24\",\"description\":\"Teilen. Verbinden. Zusammen wachsen.\",\"publisher\":{\"@id\":\"https:\\\/\\\/officeshare24.de\\\/de\\\/#organization\"},\"potentialAction\":[{\"@type\":\"SearchAction\",\"target\":{\"@type\":\"EntryPoint\",\"urlTemplate\":\"https:\\\/\\\/officeshare24.de\\\/de\\\/?s={search_term_string}\"},\"query-input\":{\"@type\":\"PropertyValueSpecification\",\"valueRequired\":true,\"valueName\":\"search_term_string\"}}],\"inLanguage\":\"de\"},{\"@type\":\"Organization\",\"@id\":\"https:\\\/\\\/officeshare24.de\\\/de\\\/#organization\",\"name\":\"Officeshare24\",\"url\":\"https:\\\/\\\/officeshare24.de\\\/de\\\/\",\"logo\":{\"@type\":\"ImageObject\",\"inLanguage\":\"de\",\"@id\":\"https:\\\/\\\/officeshare24.de\\\/de\\\/#\\\/schema\\\/logo\\\/image\\\/\",\"url\":\"http:\\\/\\\/officeshare24.de\\\/wp-content\\\/uploads\\\/2025\\\/05\\\/cropped-72221D5C-D3EC-4548-9FA0-7BA257028D7B-1.png\",\"contentUrl\":\"http:\\\/\\\/officeshare24.de\\\/wp-content\\\/uploads\\\/2025\\\/05\\\/cropped-72221D5C-D3EC-4548-9FA0-7BA257028D7B-1.png\",\"width\":512,\"height\":512,\"caption\":\"Officeshare24\"},\"image\":{\"@id\":\"https:\\\/\\\/officeshare24.de\\\/de\\\/#\\\/schema\\\/logo\\\/image\\\/\"},\"description\":\"Die Wahl zwischen einem traditionellen B\u00fcro und einem Gemeinschafts-Arbeitsplatz (Coworking Space) h\u00e4ngt von individuellen Bed\u00fcrfnissen ab. Wir versuchen all Diese zu Decken!\",\"email\":\"info@officeshare24.de\",\"telephone\":\"0176 322 61 399\",\"foundingDate\":\"2025-10-01\",\"vatID\":\"DE365582200\",\"numberOfEmployees\":{\"@type\":\"QuantitativeValue\",\"minValue\":\"1\",\"maxValue\":\"10\"}}]}<\/script>\n<!-- \/ Yoast SEO Premium plugin. -->","yoast_head_json":{"title":"Contact - Officeshare24","description":"B\u00fcro auf Zeit? B\u00fcror\u00e4ume f\u00fcr einzelne Tage? Konferenzraum stundenweise? Tagung und Konferenz konferenzr\u00e4ume mieten? Hier sind Sie richtig!","robots":{"index":"index","follow":"follow","max-snippet":"max-snippet:-1","max-image-preview":"max-image-preview:large","max-video-preview":"max-video-preview:-1"},"canonical":"https:\/\/officeshare24.de\/de\/contact\/","og_locale":"de_DE","og_type":"article","og_title":"Contact","og_description":"B\u00fcro auf Zeit? B\u00fcror\u00e4ume f\u00fcr einzelne Tage? Konferenzraum stundenweise? Tagung und Konferenz konferenzr\u00e4ume mieten? Hier sind Sie richtig!","og_url":"https:\/\/officeshare24.de\/de\/contact\/","og_site_name":"Officeshare24","article_modified_time":"2025-09-12T13:25:19+00:00","og_image":[{"width":191,"height":59,"url":"https:\/\/officeshare24.de\/wp-content\/uploads\/2025\/09\/UTF-81.png","type":"image\/png"}],"twitter_card":"summary_large_image","schema":{"@context":"https:\/\/schema.org","@graph":[{"@type":"WebPage","@id":"https:\/\/officeshare24.de\/contact\/","url":"https:\/\/officeshare24.de\/contact\/","name":"Contact - Officeshare24","isPartOf":{"@id":"https:\/\/officeshare24.de\/de\/#website"},"datePublished":"2021-09-17T10:33:12+00:00","dateModified":"2025-09-12T13:25:19+00:00","description":"B\u00fcro auf Zeit? B\u00fcror\u00e4ume f\u00fcr einzelne Tage? Konferenzraum stundenweise? Tagung und Konferenz konferenzr\u00e4ume mieten? Hier sind Sie richtig!","breadcrumb":{"@id":"https:\/\/officeshare24.de\/contact\/#breadcrumb"},"inLanguage":"de","potentialAction":[{"@type":"ReadAction","target":["https:\/\/officeshare24.de\/contact\/"]}]},{"@type":"BreadcrumbList","@id":"https:\/\/officeshare24.de\/contact\/#breadcrumb","itemListElement":[{"@type":"ListItem","position":1,"name":"Startseite","item":"https:\/\/officeshare24.de\/"},{"@type":"ListItem","position":2,"name":"Contact"}]},{"@type":"WebSite","@id":"https:\/\/officeshare24.de\/de\/#website","url":"https:\/\/officeshare24.de\/de\/","name":"Officeshare24","description":"Teilen. Verbinden. Zusammen wachsen.","publisher":{"@id":"https:\/\/officeshare24.de\/de\/#organization"},"potentialAction":[{"@type":"SearchAction","target":{"@type":"EntryPoint","urlTemplate":"https:\/\/officeshare24.de\/de\/?s={search_term_string}"},"query-input":{"@type":"PropertyValueSpecification","valueRequired":true,"valueName":"search_term_string"}}],"inLanguage":"de"},{"@type":"Organization","@id":"https:\/\/officeshare24.de\/de\/#organization","name":"Officeshare24","url":"https:\/\/officeshare24.de\/de\/","logo":{"@type":"ImageObject","inLanguage":"de","@id":"https:\/\/officeshare24.de\/de\/#\/schema\/logo\/image\/","url":"http:\/\/officeshare24.de\/wp-content\/uploads\/2025\/05\/cropped-72221D5C-D3EC-4548-9FA0-7BA257028D7B-1.png","contentUrl":"http:\/\/officeshare24.de\/wp-content\/uploads\/2025\/05\/cropped-72221D5C-D3EC-4548-9FA0-7BA257028D7B-1.png","width":512,"height":512,"caption":"Officeshare24"},"image":{"@id":"https:\/\/officeshare24.de\/de\/#\/schema\/logo\/image\/"},"description":"Die Wahl zwischen einem traditionellen B\u00fcro und einem Gemeinschafts-Arbeitsplatz (Coworking Space) h\u00e4ngt von individuellen Bed\u00fcrfnissen ab. Wir versuchen all Diese zu Decken!","email":"info@officeshare24.de","telephone":"0176 322 61 399","foundingDate":"2025-10-01","vatID":"DE365582200","numberOfEmployees":{"@type":"QuantitativeValue","minValue":"1","maxValue":"10"}}]}},"_links":{"self":[{"href":"https:\/\/officeshare24.de\/de\/wp-json\/wp\/v2\/pages\/219","targetHints":{"allow":["GET"]}}],"collection":[{"href":"https:\/\/officeshare24.de\/de\/wp-json\/wp\/v2\/pages"}],"about":[{"href":"https:\/\/officeshare24.de\/de\/wp-json\/wp\/v2\/types\/page"}],"author":[{"embeddable":true,"href":"https:\/\/officeshare24.de\/de\/wp-json\/wp\/v2\/users\/1"}],"replies":[{"embeddable":true,"href":"https:\/\/officeshare24.de\/de\/wp-json\/wp\/v2\/comments?post=219"}],"version-history":[{"count":0,"href":"https:\/\/officeshare24.de\/de\/wp-json\/wp\/v2\/pages\/219\/revisions"}],"wp:attachment":[{"href":"https:\/\/officeshare24.de\/de\/wp-json\/wp\/v2\/media?parent=219"}],"curies":[{"name":"wp","href":"https:\/\/api.w.org\/{rel}","templated":true}]}}